{"id":333,"date":"2024-06-10T22:33:04","date_gmt":"2024-06-10T22:33:04","guid":{"rendered":"https:\/\/bcjengenharia.com.br\/?page_id=333"},"modified":"2024-06-19T18:24:18","modified_gmt":"2024-06-19T18:24:18","slug":"sistema-de-alarme-de-incendio","status":"publish","type":"page","link":"https:\/\/bcjengenharia.com.br\/index.php\/sistema-de-alarme-de-incendio\/","title":{"rendered":"SISTEMA DE ALARME DE INC\u00caNDIO"},"content":{"rendered":"\t\t<div data-elementor-type=\"wp-page\" data-elementor-id=\"333\" class=\"elementor elementor-333\" data-elementor-post-type=\"page\">\n\t\t\t\t<div class=\"elementor-element elementor-element-d7b277f e-con-full e-flex e-con e-parent\" data-id=\"d7b277f\" data-element_type=\"container\" data-settings=\"{&quot;background_background&quot;:&quot;slideshow&quot;,&quot;background_slideshow_gallery&quot;:[{&quot;id&quot;:629,&quot;url&quot;:&quot;http:\\\/\\\/bcjengenharia.com.br\\\/wp-content\\\/uploads\\\/2024\\\/06\\\/Banner-Sistema-contra-incendiojpg.jpg&quot;}],&quot;background_slideshow_loop&quot;:&quot;yes&quot;,&quot;background_slideshow_slide_duration&quot;:5000,&quot;background_slideshow_slide_transition&quot;:&quot;fade&quot;,&quot;background_slideshow_transition_duration&quot;:500}\">\n\t\t\t\t<\/div>\n\t\t<div class=\"elementor-element elementor-element-1575c66 e-flex e-con-boxed e-con e-parent\" data-id=\"1575c66\" data-element_type=\"container\">\n\t\t\t\t\t<div class=\"e-con-inner\">\n\t\t\t\t<div class=\"elementor-element elementor-element-566ab1d elementor-widget elementor-widget-heading\" data-id=\"566ab1d\" data-element_type=\"widget\" data-widget_type=\"heading.default\">\n\t\t\t\t<div class=\"elementor-widget-container\">\n\t\t\t<style>\/*! elementor - v3.21.0 - 26-05-2024 *\/\n.elementor-heading-title{padding:0;margin:0;line-height:1}.elementor-widget-heading .elementor-heading-title[class*=elementor-size-]>a{color:inherit;font-size:inherit;line-height:inherit}.elementor-widget-heading .elementor-heading-title.elementor-size-small{font-size:15px}.elementor-widget-heading .elementor-heading-title.elementor-size-medium{font-size:19px}.elementor-widget-heading .elementor-heading-title.elementor-size-large{font-size:29px}.elementor-widget-heading .elementor-heading-title.elementor-size-xl{font-size:39px}.elementor-widget-heading .elementor-heading-title.elementor-size-xxl{font-size:59px}<\/style><h2 class=\"elementor-heading-title elementor-size-default\">SISTEMA DE ALARME DE INC\u00caNDIO <\/h2>\t\t<\/div>\n\t\t\t\t<\/div>\n\t\t\t\t\t<\/div>\n\t\t\t\t<\/div>\n\t\t<div class=\"elementor-element elementor-element-c1e9075 e-flex e-con-boxed e-con e-parent\" data-id=\"c1e9075\" data-element_type=\"container\">\n\t\t\t\t\t<div class=\"e-con-inner\">\n\t\t<div class=\"elementor-element elementor-element-1d04fc3 e-con-full e-flex e-con e-child\" data-id=\"1d04fc3\" data-element_type=\"container\">\n\t\t\t\t<div class=\"elementor-element elementor-element-37d3449 elementor-widget elementor-widget-text-editor\" data-id=\"37d3449\" data-element_type=\"widget\" data-widget_type=\"text-editor.default\">\n\t\t\t\t<div class=\"elementor-widget-container\">\n\t\t\t<style>\/*! elementor - v3.21.0 - 26-05-2024 *\/\n.elementor-widget-text-editor.elementor-drop-cap-view-stacked .elementor-drop-cap{background-color:#69727d;color:#fff}.elementor-widget-text-editor.elementor-drop-cap-view-framed .elementor-drop-cap{color:#69727d;border:3px solid;background-color:transparent}.elementor-widget-text-editor:not(.elementor-drop-cap-view-default) .elementor-drop-cap{margin-top:8px}.elementor-widget-text-editor:not(.elementor-drop-cap-view-default) .elementor-drop-cap-letter{width:1em;height:1em}.elementor-widget-text-editor .elementor-drop-cap{float:left;text-align:center;line-height:1;font-size:50px}.elementor-widget-text-editor .elementor-drop-cap-letter{display:inline-block}<\/style>\t\t\t\t<p><strong>Realizamos a instala\u00e7\u00e3o de sistema de alarme de inc\u00eandio<\/strong>\u00a0para assim se precaver em rela\u00e7\u00e3o a acidentes que envolvam fogo, e assim, manter em seguran\u00e7a tanto o local quanto as pessoas, uma vez que, por meio do sistema ser\u00e3o acionadas a fim de evitar maiores problemas e riscos em emerg\u00eancias.<\/p>\t\t\t\t\t\t<\/div>\n\t\t\t\t<\/div>\n\t\t\t\t<div class=\"elementor-element elementor-element-bc139f2 elementor-widget elementor-widget-image\" data-id=\"bc139f2\" data-element_type=\"widget\" data-widget_type=\"image.default\">\n\t\t\t\t<div class=\"elementor-widget-container\">\n\t\t\t<style>\/*! elementor - v3.21.0 - 26-05-2024 *\/\n.elementor-widget-image{text-align:center}.elementor-widget-image a{display:inline-block}.elementor-widget-image a img[src$=\".svg\"]{width:48px}.elementor-widget-image img{vertical-align:middle;display:inline-block}<\/style>\t\t\t\t\t\t\t\t\t\t<img fetchpriority=\"high\" decoding=\"async\" width=\"1024\" height=\"1024\" src=\"https:\/\/bcjengenharia.com.br\/wp-content\/uploads\/2024\/06\/Sistema-contra-incendio-1jpg.jpg\" class=\"attachment-full size-full wp-image-633\" alt=\"\" srcset=\"https:\/\/bcjengenharia.com.br\/wp-content\/uploads\/2024\/06\/Sistema-contra-incendio-1jpg.jpg 1024w, https:\/\/bcjengenharia.com.br\/wp-content\/uploads\/2024\/06\/Sistema-contra-incendio-1jpg-300x300.jpg 300w, https:\/\/bcjengenharia.com.br\/wp-content\/uploads\/2024\/06\/Sistema-contra-incendio-1jpg-150x150.jpg 150w, https:\/\/bcjengenharia.com.br\/wp-content\/uploads\/2024\/06\/Sistema-contra-incendio-1jpg-768x768.jpg 768w\" sizes=\"(max-width: 1024px) 100vw, 1024px\" \/>\t\t\t\t\t\t\t\t\t\t\t\t\t<\/div>\n\t\t\t\t<\/div>\n\t\t\t\t<\/div>\n\t\t<div class=\"elementor-element elementor-element-c7709a3 e-con-full e-flex e-con e-child\" data-id=\"c7709a3\" data-element_type=\"container\" data-settings=\"{&quot;background_background&quot;:&quot;classic&quot;}\">\n\t\t\t\t<div class=\"elementor-element elementor-element-80bf47c elementor-widget elementor-widget-shortcode\" data-id=\"80bf47c\" data-element_type=\"widget\" data-widget_type=\"shortcode.default\">\n\t\t\t\t<div class=\"elementor-widget-container\">\n\t\t\t\t\t<div class=\"elementor-shortcode\">\n<div class=\"wpcf7 no-js\" id=\"wpcf7-f294-o1\" lang=\"pt-BR\" dir=\"ltr\">\n<div class=\"screen-reader-response\"><p role=\"status\" aria-live=\"polite\" aria-atomic=\"true\"><\/p> <ul><\/ul><\/div>\n<form action=\"\/index.php\/wp-json\/wp\/v2\/pages\/333#wpcf7-f294-o1\" method=\"post\" class=\"wpcf7-form init\" aria-label=\"Formul\u00e1rios de contato\" novalidate=\"novalidate\" data-status=\"init\">\n<div style=\"display: none;\">\n<input type=\"hidden\" name=\"_wpcf7\" value=\"294\" \/>\n<input type=\"hidden\" name=\"_wpcf7_version\" value=\"5.9.5\" \/>\n<input type=\"hidden\" name=\"_wpcf7_locale\" value=\"pt_BR\" \/>\n<input type=\"hidden\" name=\"_wpcf7_unit_tag\" value=\"wpcf7-f294-o1\" \/>\n<input type=\"hidden\" name=\"_wpcf7_container_post\" value=\"0\" \/>\n<input type=\"hidden\" name=\"_wpcf7_posted_data_hash\" value=\"\" \/>\n<input type=\"hidden\" name=\"_wpcf7_recaptcha_response\" value=\"\" \/>\n<\/div>\n<p><label> Seu nome<br \/>\n<span class=\"wpcf7-form-control-wrap\" data-name=\"your-name\"><input size=\"40\" class=\"wpcf7-form-control wpcf7-text wpcf7-validates-as-required\" autocomplete=\"name\" aria-required=\"true\" aria-invalid=\"false\" value=\"\" type=\"text\" name=\"your-name\" \/><\/span> <\/label>\n<\/p>\n<p><label> Seu e-mail<br \/>\n<span class=\"wpcf7-form-control-wrap\" data-name=\"your-email\"><input size=\"40\" class=\"wpcf7-form-control wpcf7-email wpcf7-validates-as-required wpcf7-text wpcf7-validates-as-email\" autocomplete=\"email\" aria-required=\"true\" aria-invalid=\"false\" value=\"\" type=\"email\" name=\"your-email\" \/><\/span> <\/label><br \/>\n<label>Celular\\WhatsApp<br \/>\n<span class=\"wpcf7-form-control-wrap\" data-name=\"tel-whatsapp\"><input size=\"40\" class=\"wpcf7-form-control wpcf7-tel wpcf7-validates-as-required wpcf7-text wpcf7-validates-as-tel\" aria-required=\"true\" aria-invalid=\"false\" value=\"\" type=\"tel\" name=\"tel-whatsapp\" \/><\/span><br \/>\n<\/label><br \/>\n<label>Escolha o Servi\u00e7o desejado<br \/>\n<span class=\"wpcf7-form-control-wrap\" data-name=\"menu-servico\"><select class=\"wpcf7-form-control wpcf7-select wpcf7-validates-as-required\" aria-required=\"true\" aria-invalid=\"false\" multiple=\"multiple\" name=\"menu-servico[]\"><option value=\"ACR\u00c9SCIMO DE CARGA\">ACR\u00c9SCIMO DE CARGA<\/option><option value=\"ADEQUA\u00c7\u00c3O EL\u00c9TRICA\">ADEQUA\u00c7\u00c3O EL\u00c9TRICA<\/option><option value=\"ELABORA\u00c7\u00c3O DE PROJETO\">ELABORA\u00c7\u00c3O DE PROJETO<\/option><option value=\"REFORMA DE CENTRO DE MEDI\u00c7\u00c3O\">REFORMA DE CENTRO DE MEDI\u00c7\u00c3O<\/option><option value=\"SUBSTITUI\u00c7\u00c3O DE PRUMADA\">SUBSTITUI\u00c7\u00c3O DE PRUMADA<\/option><option value=\"SISTEMA DE ALARME DE INC\u00caNDIO\">SISTEMA DE ALARME DE INC\u00caNDIO<\/option><\/select><\/span><br \/>\n<\/label><br \/>\n<label> Assunto<br \/>\n<span class=\"wpcf7-form-control-wrap\" data-name=\"your-subject\"><input size=\"40\" class=\"wpcf7-form-control wpcf7-text wpcf7-validates-as-required\" aria-required=\"true\" aria-invalid=\"false\" value=\"\" type=\"text\" name=\"your-subject\" \/><\/span> <\/label>\n<\/p>\n<p><label> Sua mensagem (opcional)<br \/>\n<span class=\"wpcf7-form-control-wrap\" data-name=\"your-message\"><textarea cols=\"40\" rows=\"10\" class=\"wpcf7-form-control wpcf7-textarea\" aria-invalid=\"false\" name=\"your-message\"><\/textarea><\/span> <\/label>\n<\/p>\n<p><input class=\"wpcf7-form-control wpcf7-submit has-spinner\" type=\"submit\" value=\"Enviar\" \/>\n<\/p><div class=\"wpcf7-response-output\" aria-hidden=\"true\"><\/div>\n<\/form>\n<\/div>\n<\/div>\n\t\t\t\t<\/div>\n\t\t\t\t<\/div>\n\t\t\t\t<\/div>\n\t\t\t\t\t<\/div>\n\t\t\t\t<\/div>\n\t\t\t\t<\/div>\n\t\t","protected":false},"excerpt":{"rendered":"<p>SISTEMA DE ALARME DE INC\u00caNDIO Realizamos a instala\u00e7\u00e3o de sistema de alarme de inc\u00eandio\u00a0para assim se precaver em rela\u00e7\u00e3o a acidentes que envolvam fogo, e assim, manter em seguran\u00e7a tanto o local quanto as pessoas, uma vez que, por meio do sistema ser\u00e3o acionadas a fim de evitar maiores problemas e riscos em emerg\u00eancias.<\/p>\n","protected":false},"author":1,"featured_media":0,"parent":0,"menu_order":0,"comment_status":"closed","ping_status":"closed","template":"elementor_header_footer","meta":{"footnotes":""},"class_list":["post-333","page","type-page","status-publish","hentry"],"_links":{"self":[{"href":"https:\/\/bcjengenharia.com.br\/index.php\/wp-json\/wp\/v2\/pages\/333","targetHints":{"allow":["GET"]}}],"collection":[{"href":"https:\/\/bcjengenharia.com.br\/index.php\/wp-json\/wp\/v2\/pages"}],"about":[{"href":"https:\/\/bcjengenharia.com.br\/index.php\/wp-json\/wp\/v2\/types\/page"}],"author":[{"embeddable":true,"href":"https:\/\/bcjengenharia.com.br\/index.php\/wp-json\/wp\/v2\/users\/1"}],"replies":[{"embeddable":true,"href":"https:\/\/bcjengenharia.com.br\/index.php\/wp-json\/wp\/v2\/comments?post=333"}],"version-history":[{"count":13,"href":"https:\/\/bcjengenharia.com.br\/index.php\/wp-json\/wp\/v2\/pages\/333\/revisions"}],"predecessor-version":[{"id":636,"href":"https:\/\/bcjengenharia.com.br\/index.php\/wp-json\/wp\/v2\/pages\/333\/revisions\/636"}],"wp:attachment":[{"href":"https:\/\/bcjengenharia.com.br\/index.php\/wp-json\/wp\/v2\/media?parent=333"}],"curies":[{"name":"wp","href":"https:\/\/api.w.org\/{rel}","templated":true}]}}