{"id":325,"date":"2024-06-10T22:31:22","date_gmt":"2024-06-10T22:31:22","guid":{"rendered":"https:\/\/bcjengenharia.com.br\/?page_id=325"},"modified":"2024-06-24T15:46:58","modified_gmt":"2024-06-24T15:46:58","slug":"adequacao-eletrica","status":"publish","type":"page","link":"https:\/\/bcjengenharia.com.br\/index.php\/adequacao-eletrica\/","title":{"rendered":"ADEQUA\u00c7\u00c3O EL\u00c9TRICA"},"content":{"rendered":"\t\t<div data-elementor-type=\"wp-page\" data-elementor-id=\"325\" class=\"elementor elementor-325\" data-elementor-post-type=\"page\">\n\t\t\t\t<div class=\"elementor-element elementor-element-d7b277f e-con-full e-flex e-con e-parent\" data-id=\"d7b277f\" data-element_type=\"container\" data-settings=\"{&quot;background_background&quot;:&quot;slideshow&quot;,&quot;background_slideshow_gallery&quot;:[{&quot;id&quot;:408,&quot;url&quot;:&quot;http:\\\/\\\/bcjengenharia.com.br\\\/wp-content\\\/uploads\\\/2024\\\/06\\\/BANNER-adequacao-eletrica-NR10.png&quot;}],&quot;background_slideshow_loop&quot;:&quot;yes&quot;,&quot;background_slideshow_slide_duration&quot;:5000,&quot;background_slideshow_slide_transition&quot;:&quot;fade&quot;,&quot;background_slideshow_transition_duration&quot;:500}\">\n\t\t\t\t<div class=\"elementor-element elementor-element-08ade17 elementor-widget elementor-widget-spacer\" data-id=\"08ade17\" data-element_type=\"widget\" data-widget_type=\"spacer.default\">\n\t\t\t\t<div class=\"elementor-widget-container\">\n\t\t\t<style>\/*! elementor - v3.21.0 - 26-05-2024 *\/\n.elementor-column .elementor-spacer-inner{height:var(--spacer-size)}.e-con{--container-widget-width:100%}.e-con-inner>.elementor-widget-spacer,.e-con>.elementor-widget-spacer{width:var(--container-widget-width,var(--spacer-size));--align-self:var(--container-widget-align-self,initial);--flex-shrink:0}.e-con-inner>.elementor-widget-spacer>.elementor-widget-container,.e-con>.elementor-widget-spacer>.elementor-widget-container{height:100%;width:100%}.e-con-inner>.elementor-widget-spacer>.elementor-widget-container>.elementor-spacer,.e-con>.elementor-widget-spacer>.elementor-widget-container>.elementor-spacer{height:100%}.e-con-inner>.elementor-widget-spacer>.elementor-widget-container>.elementor-spacer>.elementor-spacer-inner,.e-con>.elementor-widget-spacer>.elementor-widget-container>.elementor-spacer>.elementor-spacer-inner{height:var(--container-widget-height,var(--spacer-size))}.e-con-inner>.elementor-widget-spacer.elementor-widget-empty,.e-con>.elementor-widget-spacer.elementor-widget-empty{position:relative;min-height:22px;min-width:22px}.e-con-inner>.elementor-widget-spacer.elementor-widget-empty .elementor-widget-empty-icon,.e-con>.elementor-widget-spacer.elementor-widget-empty .elementor-widget-empty-icon{position:absolute;top:0;bottom:0;left:0;right:0;margin:auto;padding:0;width:22px;height:22px}<\/style>\t\t<div class=\"elementor-spacer\">\n\t\t\t<div class=\"elementor-spacer-inner\"><\/div>\n\t\t<\/div>\n\t\t\t\t<\/div>\n\t\t\t\t<\/div>\n\t\t\t\t<\/div>\n\t\t<div class=\"elementor-element elementor-element-1575c66 e-flex e-con-boxed e-con e-parent\" data-id=\"1575c66\" data-element_type=\"container\">\n\t\t\t\t\t<div class=\"e-con-inner\">\n\t\t\t\t<div class=\"elementor-element elementor-element-566ab1d elementor-widget elementor-widget-heading\" data-id=\"566ab1d\" data-element_type=\"widget\" data-widget_type=\"heading.default\">\n\t\t\t\t<div class=\"elementor-widget-container\">\n\t\t\t<style>\/*! elementor - v3.21.0 - 26-05-2024 *\/\n.elementor-heading-title{padding:0;margin:0;line-height:1}.elementor-widget-heading .elementor-heading-title[class*=elementor-size-]>a{color:inherit;font-size:inherit;line-height:inherit}.elementor-widget-heading .elementor-heading-title.elementor-size-small{font-size:15px}.elementor-widget-heading .elementor-heading-title.elementor-size-medium{font-size:19px}.elementor-widget-heading .elementor-heading-title.elementor-size-large{font-size:29px}.elementor-widget-heading .elementor-heading-title.elementor-size-xl{font-size:39px}.elementor-widget-heading .elementor-heading-title.elementor-size-xxl{font-size:59px}<\/style><h2 class=\"elementor-heading-title elementor-size-default\">ADEQUA\u00c7\u00c3O EL\u00c9TRICA<\/h2>\t\t<\/div>\n\t\t\t\t<\/div>\n\t\t\t\t\t<\/div>\n\t\t\t\t<\/div>\n\t\t<div class=\"elementor-element elementor-element-c1e9075 e-flex e-con-boxed e-con e-parent\" data-id=\"c1e9075\" data-element_type=\"container\">\n\t\t\t\t\t<div class=\"e-con-inner\">\n\t\t<div class=\"elementor-element elementor-element-1d04fc3 e-con-full e-flex e-con e-child\" data-id=\"1d04fc3\" data-element_type=\"container\">\n\t\t\t\t<div class=\"elementor-element elementor-element-37d3449 elementor-widget elementor-widget-text-editor\" data-id=\"37d3449\" data-element_type=\"widget\" data-widget_type=\"text-editor.default\">\n\t\t\t\t<div class=\"elementor-widget-container\">\n\t\t\t<style>\/*! elementor - v3.21.0 - 26-05-2024 *\/\n.elementor-widget-text-editor.elementor-drop-cap-view-stacked .elementor-drop-cap{background-color:#69727d;color:#fff}.elementor-widget-text-editor.elementor-drop-cap-view-framed .elementor-drop-cap{color:#69727d;border:3px solid;background-color:transparent}.elementor-widget-text-editor:not(.elementor-drop-cap-view-default) .elementor-drop-cap{margin-top:8px}.elementor-widget-text-editor:not(.elementor-drop-cap-view-default) .elementor-drop-cap-letter{width:1em;height:1em}.elementor-widget-text-editor .elementor-drop-cap{float:left;text-align:center;line-height:1;font-size:50px}.elementor-widget-text-editor .elementor-drop-cap-letter{display:inline-block}<\/style>\t\t\t\t<p>Realizamos a manuten\u00e7\u00e3o de quadros el\u00e9tricos para garantir que os equipamentos que estar\u00e3o conectados \u00e0 rede el\u00e9trica n\u00e3o sejam danificados e que funcionem de forma correta<\/p>\t\t\t\t\t\t<\/div>\n\t\t\t\t<\/div>\n\t\t\t\t<div class=\"elementor-element elementor-element-8943e1d elementor-widget elementor-widget-text-editor\" data-id=\"8943e1d\" data-element_type=\"widget\" data-widget_type=\"text-editor.default\">\n\t\t\t\t<div class=\"elementor-widget-container\">\n\t\t\t\t\t\t\t<p>Todos os dias, um n\u00famero significativo de pessoas perde a vida devido a acidentes el\u00e9tricos, como inc\u00eandios e choques. As causas dessas trag\u00e9dias variam desde pequenas neglig\u00eancias at\u00e9 instala\u00e7\u00f5es el\u00e9tricas mal executadas ou que precisavam de reparos urgentes.<\/p><p>O problema muitas vezes surge quando as pessoas, em busca de economia, optam por produtos de marcas desconhecidas, frequentemente n\u00e3o conformes com as normas t\u00e9cnicas e sem passarem por testes rigorosos de qualidade e inspe\u00e7\u00e3o.<\/p><p>Essas instala\u00e7\u00f5es el\u00e9tricas deficientes representam um risco iminente para a seguran\u00e7a de resid\u00eancias, com\u00e9rcios e ind\u00fastrias, podendo resultar em acidentes graves e perda de vidas humanas. Portanto, \u00e9 crucial que os consumidores se atentem \u00e0 qualidade dos produtos escolhidos e mantenham a manuten\u00e7\u00e3o el\u00e9trica em dia para evitar trag\u00e9dias.<\/p><p>Para entender melhor sobre esse tema crucial, continue lendo! Em nosso blog de hoje, abordaremos os perigos das instala\u00e7\u00f5es el\u00e9tricas negligenciadas e como prevenir acidentes em ambientes residenciais e comerciais. N\u00e3o perca!<\/p>\t\t\t\t\t\t<\/div>\n\t\t\t\t<\/div>\n\t\t\t\t<\/div>\n\t\t<div class=\"elementor-element elementor-element-c7709a3 e-con-full e-flex e-con e-child\" data-id=\"c7709a3\" data-element_type=\"container\" data-settings=\"{&quot;background_background&quot;:&quot;classic&quot;}\">\n\t\t\t\t<div class=\"elementor-element elementor-element-80bf47c elementor-widget elementor-widget-shortcode\" data-id=\"80bf47c\" data-element_type=\"widget\" data-widget_type=\"shortcode.default\">\n\t\t\t\t<div class=\"elementor-widget-container\">\n\t\t\t\t\t<div class=\"elementor-shortcode\">\n<div class=\"wpcf7 no-js\" id=\"wpcf7-f294-o1\" lang=\"pt-BR\" dir=\"ltr\">\n<div class=\"screen-reader-response\"><p role=\"status\" aria-live=\"polite\" aria-atomic=\"true\"><\/p> <ul><\/ul><\/div>\n<form action=\"\/index.php\/wp-json\/wp\/v2\/pages\/325#wpcf7-f294-o1\" method=\"post\" class=\"wpcf7-form init\" aria-label=\"Formul\u00e1rios de contato\" novalidate=\"novalidate\" data-status=\"init\">\n<div style=\"display: none;\">\n<input type=\"hidden\" name=\"_wpcf7\" value=\"294\" \/>\n<input type=\"hidden\" name=\"_wpcf7_version\" value=\"5.9.5\" \/>\n<input type=\"hidden\" name=\"_wpcf7_locale\" value=\"pt_BR\" \/>\n<input type=\"hidden\" name=\"_wpcf7_unit_tag\" value=\"wpcf7-f294-o1\" \/>\n<input type=\"hidden\" name=\"_wpcf7_container_post\" value=\"0\" \/>\n<input type=\"hidden\" name=\"_wpcf7_posted_data_hash\" value=\"\" \/>\n<input type=\"hidden\" name=\"_wpcf7_recaptcha_response\" value=\"\" \/>\n<\/div>\n<p><label> Seu nome<br \/>\n<span class=\"wpcf7-form-control-wrap\" data-name=\"your-name\"><input size=\"40\" class=\"wpcf7-form-control wpcf7-text wpcf7-validates-as-required\" autocomplete=\"name\" aria-required=\"true\" aria-invalid=\"false\" value=\"\" type=\"text\" name=\"your-name\" \/><\/span> <\/label>\n<\/p>\n<p><label> Seu e-mail<br \/>\n<span class=\"wpcf7-form-control-wrap\" data-name=\"your-email\"><input size=\"40\" class=\"wpcf7-form-control wpcf7-email wpcf7-validates-as-required wpcf7-text wpcf7-validates-as-email\" autocomplete=\"email\" aria-required=\"true\" aria-invalid=\"false\" value=\"\" type=\"email\" name=\"your-email\" \/><\/span> <\/label><br \/>\n<label>Celular\\WhatsApp<br \/>\n<span class=\"wpcf7-form-control-wrap\" data-name=\"tel-whatsapp\"><input size=\"40\" class=\"wpcf7-form-control wpcf7-tel wpcf7-validates-as-required wpcf7-text wpcf7-validates-as-tel\" aria-required=\"true\" aria-invalid=\"false\" value=\"\" type=\"tel\" name=\"tel-whatsapp\" \/><\/span><br \/>\n<\/label><br \/>\n<label>Escolha o Servi\u00e7o desejado<br \/>\n<span class=\"wpcf7-form-control-wrap\" data-name=\"menu-servico\"><select class=\"wpcf7-form-control wpcf7-select wpcf7-validates-as-required\" aria-required=\"true\" aria-invalid=\"false\" multiple=\"multiple\" name=\"menu-servico[]\"><option value=\"ACR\u00c9SCIMO DE CARGA\">ACR\u00c9SCIMO DE CARGA<\/option><option value=\"ADEQUA\u00c7\u00c3O EL\u00c9TRICA\">ADEQUA\u00c7\u00c3O EL\u00c9TRICA<\/option><option value=\"ELABORA\u00c7\u00c3O DE PROJETO\">ELABORA\u00c7\u00c3O DE PROJETO<\/option><option value=\"REFORMA DE CENTRO DE MEDI\u00c7\u00c3O\">REFORMA DE CENTRO DE MEDI\u00c7\u00c3O<\/option><option value=\"SUBSTITUI\u00c7\u00c3O DE PRUMADA\">SUBSTITUI\u00c7\u00c3O DE PRUMADA<\/option><option value=\"SISTEMA DE ALARME DE INC\u00caNDIO\">SISTEMA DE ALARME DE INC\u00caNDIO<\/option><\/select><\/span><br \/>\n<\/label><br \/>\n<label> Assunto<br \/>\n<span class=\"wpcf7-form-control-wrap\" data-name=\"your-subject\"><input size=\"40\" class=\"wpcf7-form-control wpcf7-text wpcf7-validates-as-required\" aria-required=\"true\" aria-invalid=\"false\" value=\"\" type=\"text\" name=\"your-subject\" \/><\/span> <\/label>\n<\/p>\n<p><label> Sua mensagem (opcional)<br \/>\n<span class=\"wpcf7-form-control-wrap\" data-name=\"your-message\"><textarea cols=\"40\" rows=\"10\" class=\"wpcf7-form-control wpcf7-textarea\" aria-invalid=\"false\" name=\"your-message\"><\/textarea><\/span> <\/label>\n<\/p>\n<p><input class=\"wpcf7-form-control wpcf7-submit has-spinner\" type=\"submit\" value=\"Enviar\" \/>\n<\/p><div class=\"wpcf7-response-output\" aria-hidden=\"true\"><\/div>\n<\/form>\n<\/div>\n<\/div>\n\t\t\t\t<\/div>\n\t\t\t\t<\/div>\n\t\t\t\t<\/div>\n\t\t\t\t\t<\/div>\n\t\t\t\t<\/div>\n\t\t\t\t<\/div>\n\t\t","protected":false},"excerpt":{"rendered":"<p>ADEQUA\u00c7\u00c3O EL\u00c9TRICA Realizamos a manuten\u00e7\u00e3o de quadros el\u00e9tricos para garantir que os equipamentos que estar\u00e3o conectados \u00e0 rede el\u00e9trica n\u00e3o sejam danificados e que funcionem de forma correta Todos os dias, um n\u00famero significativo de pessoas perde a vida devido a acidentes el\u00e9tricos, como inc\u00eandios e choques. As causas dessas trag\u00e9dias variam desde pequenas neglig\u00eancias [&hellip;]<\/p>\n","protected":false},"author":1,"featured_media":0,"parent":0,"menu_order":0,"comment_status":"closed","ping_status":"closed","template":"elementor_header_footer","meta":{"footnotes":""},"class_list":["post-325","page","type-page","status-publish","hentry"],"_links":{"self":[{"href":"https:\/\/bcjengenharia.com.br\/index.php\/wp-json\/wp\/v2\/pages\/325","targetHints":{"allow":["GET"]}}],"collection":[{"href":"https:\/\/bcjengenharia.com.br\/index.php\/wp-json\/wp\/v2\/pages"}],"about":[{"href":"https:\/\/bcjengenharia.com.br\/index.php\/wp-json\/wp\/v2\/types\/page"}],"author":[{"embeddable":true,"href":"https:\/\/bcjengenharia.com.br\/index.php\/wp-json\/wp\/v2\/users\/1"}],"replies":[{"embeddable":true,"href":"https:\/\/bcjengenharia.com.br\/index.php\/wp-json\/wp\/v2\/comments?post=325"}],"version-history":[{"count":31,"href":"https:\/\/bcjengenharia.com.br\/index.php\/wp-json\/wp\/v2\/pages\/325\/revisions"}],"predecessor-version":[{"id":722,"href":"https:\/\/bcjengenharia.com.br\/index.php\/wp-json\/wp\/v2\/pages\/325\/revisions\/722"}],"wp:attachment":[{"href":"https:\/\/bcjengenharia.com.br\/index.php\/wp-json\/wp\/v2\/media?parent=325"}],"curies":[{"name":"wp","href":"https:\/\/api.w.org\/{rel}","templated":true}]}}